{"id":10016,"date":"2020-11-19T15:08:51","date_gmt":"2020-11-19T15:08:51","guid":{"rendered":"https:\/\/wordpress-288344-1596643.cloudwaysapps.com\/?page_id=157"},"modified":"2025-06-20T02:15:53","modified_gmt":"2025-06-20T02:15:53","slug":"contactos","status":"publish","type":"page","link":"https:\/\/moveltex.com\/rmae\/contactos\/","title":{"rendered":"Contactos"},"content":{"rendered":"\t\t<div data-elementor-type=\"wp-page\" data-elementor-id=\"10016\" class=\"elementor elementor-10016\">\n\t\t\t\t\t\t<section class=\"elementor-section elementor-top-section elementor-element elementor-element-6d5992b elementor-section-content-middle elementor-section-boxed elementor-section-height-default elementor-section-height-default wpr-particle-no wpr-jarallax-no wpr-parallax-no wpr-sticky-section-no\" data-id=\"6d5992b\" data-element_type=\"section\" data-settings=\"{&quot;scisco_shape_divider_top&quot;:&quot;none&quot;,&quot;scisco_shape_divider_bottom&quot;:&quot;none&quot;}\">\n\t\t\t\t\t\t\t<div class=\"elementor-background-overlay\"><\/div>\n\t\t\t\t\t\t\t<div class=\"elementor-container elementor-column-gap-no\">\n\t\t\t\t\t<div class=\"elementor-column elementor-col-50 elementor-top-column elementor-element elementor-element-c24e3af\" data-id=\"c24e3af\" data-element_type=\"column\">\n\t\t\t<div class=\"elementor-widget-wrap elementor-element-populated\">\n\t\t\t\t\t\t<div class=\"elementor-element elementor-element-440c603 elementor-hidden-mobile elementor-widget elementor-widget-heading\" data-id=\"440c603\" data-element_type=\"widget\" data-widget_type=\"heading.default\">\n\t\t\t\t<div class=\"elementor-widget-container\">\n\t\t\t\t\t<h2 class=\"elementor-heading-title elementor-size-default\">Contacte-nos<\/h2>\t\t\t\t<\/div>\n\t\t\t\t<\/div>\n\t\t\t\t<div class=\"elementor-element elementor-element-76d3334 elementor-widget elementor-widget-heading\" data-id=\"76d3334\" data-element_type=\"widget\" data-widget_type=\"heading.default\">\n\t\t\t\t<div class=\"elementor-widget-container\">\n\t\t\t\t\t<h2 class=\"elementor-heading-title elementor-size-default\">Quer saber mais?<\/h2>\t\t\t\t<\/div>\n\t\t\t\t<\/div>\n\t\t\t\t<div class=\"elementor-element elementor-element-0655c83 elementor-widget elementor-widget-image\" data-id=\"0655c83\" data-element_type=\"widget\" data-widget_type=\"image.default\">\n\t\t\t\t<div class=\"elementor-widget-container\">\n\t\t\t\t\t\t\t\t\t\t\t\t\t\t\t<img fetchpriority=\"high\" decoding=\"async\" width=\"1200\" height=\"1200\" src=\"https:\/\/moveltex.com\/rmae\/wp-content\/uploads\/2020\/11\/contact-2.jpg\" class=\"attachment-full size-full wp-image-168\" alt=\"contact us\" srcset=\"https:\/\/moveltex.com\/rmae\/wp-content\/uploads\/2020\/11\/contact-2.jpg 1200w, https:\/\/moveltex.com\/rmae\/wp-content\/uploads\/2020\/11\/contact-2-300x300.jpg 300w, https:\/\/moveltex.com\/rmae\/wp-content\/uploads\/2020\/11\/contact-2-1024x1024.jpg 1024w, https:\/\/moveltex.com\/rmae\/wp-content\/uploads\/2020\/11\/contact-2-150x150.jpg 150w, https:\/\/moveltex.com\/rmae\/wp-content\/uploads\/2020\/11\/contact-2-768x768.jpg 768w, https:\/\/moveltex.com\/rmae\/wp-content\/uploads\/2020\/11\/contact-2-600x600.jpg 600w, https:\/\/moveltex.com\/rmae\/wp-content\/uploads\/2020\/11\/contact-2-200x200.jpg 200w\" sizes=\"(max-width: 1200px) 100vw, 1200px\" \/>\t\t\t\t\t\t\t\t\t\t\t\t\t\t\t<\/div>\n\t\t\t\t<\/div>\n\t\t\t\t<div class=\"elementor-element elementor-element-d89c27b elementor-widget__width-initial elementor-widget-mobile__width-initial elementor-absolute elementor-widget elementor-widget-scisco-iconbox\" data-id=\"d89c27b\" data-element_type=\"widget\" data-settings=\"{&quot;_position&quot;:&quot;absolute&quot;}\" data-widget_type=\"scisco-iconbox.default\">\n\t\t\t\t<div class=\"elementor-widget-container\">\n\t\t\t\t\t\t\t<div class=\"scisco-user-box\">\n\t\t\t<div class=\"scisco-user-box-icon\">\n\t\t\t\t<svg aria-hidden=\"true\" class=\"e-font-icon-svg e-fab-whatsapp\" viewBox=\"0 0 448 512\" xmlns=\"http:\/\/www.w3.org\/2000\/svg\"><path d=\"M380.9 97.1C339 55.1 283.2 32 223.9 32c-122.4 0-222 99.6-222 222 0 39.1 10.2 77.3 29.6 111L0 480l117.7-30.9c32.4 17.7 68.9 27 106.1 27h.1c122.3 0 224.1-99.6 224.1-222 0-59.3-25.2-115-67.1-157zm-157 341.6c-33.2 0-65.7-8.9-94-25.7l-6.7-4-69.8 18.3L72 359.2l-4.4-7c-18.5-29.4-28.2-63.3-28.2-98.2 0-101.7 82.8-184.5 184.6-184.5 49.3 0 95.6 19.2 130.4 54.1 34.8 34.9 56.2 81.2 56.1 130.5 0 101.8-84.9 184.6-186.6 184.6zm101.2-138.2c-5.5-2.8-32.8-16.2-37.9-18-5.1-1.9-8.8-2.8-12.5 2.8-3.7 5.6-14.3 18-17.6 21.8-3.2 3.7-6.5 4.2-12 1.4-32.6-16.3-54-29.1-75.5-66-5.7-9.8 5.7-9.1 16.3-30.3 1.8-3.7.9-6.9-.5-9.7-1.4-2.8-12.5-30.1-17.1-41.2-4.5-10.8-9.1-9.3-12.5-9.5-3.2-.2-6.9-.2-10.6-.2-3.7 0-9.7 1.4-14.8 6.9-5.1 5.6-19.4 19-19.4 46.3 0 27.3 19.9 53.7 22.6 57.4 2.8 3.7 39.1 59.7 94.8 83.8 35.2 15.2 49 16.5 66.6 13.9 10.7-1.6 32.8-13.4 37.4-26.4 4.6-13 4.6-24.1 3.2-26.4-1.3-2.5-5-3.9-10.5-6.6z\"><\/path><\/svg>\t\t\t<\/div>\n\t\t\t<div class=\"scisco-user-box-info\">\n\t\t\t<span class=\"icon-box-title\">+351 255 079 685<\/span>\n\t\t\t\t<span class=\"icon-box-info\"><\/span>\n\t\t\t<\/div>\n\t\t<\/div>\n\t\t\t\t\t<\/div>\n\t\t\t\t<\/div>\n\t\t\t\t<div class=\"elementor-element elementor-element-c1d2ce0 elementor-widget__width-initial elementor-widget-mobile__width-initial elementor-absolute elementor-widget elementor-widget-scisco-iconbox\" data-id=\"c1d2ce0\" data-element_type=\"widget\" data-settings=\"{&quot;_position&quot;:&quot;absolute&quot;}\" data-widget_type=\"scisco-iconbox.default\">\n\t\t\t\t<div class=\"elementor-widget-container\">\n\t\t\t\t\t\t\t<div class=\"scisco-user-box\">\n\t\t\t<div class=\"scisco-user-box-icon\">\n\t\t\t\t<svg aria-hidden=\"true\" class=\"e-font-icon-svg e-far-envelope\" viewBox=\"0 0 512 512\" xmlns=\"http:\/\/www.w3.org\/2000\/svg\"><path d=\"M464 64H48C21.49 64 0 85.49 0 112v288c0 26.51 21.49 48 48 48h416c26.51 0 48-21.49 48-48V112c0-26.51-21.49-48-48-48zm0 48v40.805c-22.422 18.259-58.168 46.651-134.587 106.49-16.841 13.247-50.201 45.072-73.413 44.701-23.208.375-56.579-31.459-73.413-44.701C106.18 199.465 70.425 171.067 48 152.805V112h416zM48 400V214.398c22.914 18.251 55.409 43.862 104.938 82.646 21.857 17.205 60.134 55.186 103.062 54.955 42.717.231 80.509-37.199 103.053-54.947 49.528-38.783 82.032-64.401 104.947-82.653V400H48z\"><\/path><\/svg>\t\t\t<\/div>\n\t\t\t<div class=\"scisco-user-box-info\">\n\t\t\t<span class=\"icon-box-title\">rmae@moveltex.com<\/span>\n\t\t\t\t<span class=\"icon-box-info\"><\/span>\n\t\t\t<\/div>\n\t\t<\/div>\n\t\t\t\t\t<\/div>\n\t\t\t\t<\/div>\n\t\t\t\t\t<\/div>\n\t\t<\/div>\n\t\t\t\t<div class=\"elementor-column elementor-col-50 elementor-top-column elementor-element elementor-element-9008cd6\" data-id=\"9008cd6\" data-element_type=\"column\">\n\t\t\t<div class=\"elementor-widget-wrap elementor-element-populated\">\n\t\t\t\t\t\t<section class=\"elementor-section elementor-inner-section elementor-element elementor-element-626e7fe elementor-section-boxed elementor-section-height-default elementor-section-height-default wpr-particle-no wpr-jarallax-no wpr-parallax-no wpr-sticky-section-no\" data-id=\"626e7fe\" data-element_type=\"section\" data-settings=\"{&quot;background_background&quot;:&quot;classic&quot;,&quot;scisco_shape_divider_top&quot;:&quot;none&quot;,&quot;scisco_shape_divider_bottom&quot;:&quot;none&quot;}\">\n\t\t\t\t\t\t<div class=\"elementor-container elementor-column-gap-no\">\n\t\t\t\t\t<div class=\"elementor-column elementor-col-100 elementor-inner-column elementor-element elementor-element-e3d72da\" data-id=\"e3d72da\" data-element_type=\"column\">\n\t\t\t<div class=\"elementor-widget-wrap elementor-element-populated\">\n\t\t\t\t\t\t<div class=\"elementor-element elementor-element-aaaeb24 elementor-widget elementor-widget-shortcode\" data-id=\"aaaeb24\" data-element_type=\"widget\" data-widget_type=\"shortcode.default\">\n\t\t\t\t<div class=\"elementor-widget-container\">\n\t\t\t\t\t\t\t<div class=\"elementor-shortcode\"><div class=\"forminator-ui forminator-custom-form forminator-custom-form-11967 forminator-design--flat  forminator_ajax\" data-forminator-render=\"0\" data-form=\"forminator-module-11967\" data-uid=\"69d82bdb10937\"><br\/><\/div><form\n\t\t\t\tid=\"forminator-module-11967\"\n\t\t\t\tclass=\"forminator-ui forminator-custom-form forminator-custom-form-11967 forminator-design--flat  forminator_ajax\"\n\t\t\t\tmethod=\"post\"\n\t\t\t\tdata-forminator-render=\"0\"\n\t\t\t\tdata-form-id=\"11967\"\n\t\t\t\t data-color-option=\"default\" data-design=\"flat\" data-grid=\"open\" style=\"display: none;\"\n\t\t\t\tdata-uid=\"69d82bdb10937\"\n\t\t\t><div role=\"alert\" aria-live=\"polite\" class=\"forminator-response-message forminator-error\" aria-hidden=\"true\"><\/div><div class=\"forminator-row\"><div id=\"name-1\" class=\"forminator-field-name forminator-col forminator-col-12 \"><div class=\"forminator-field\"><label for=\"forminator-field-name-1_69d82bdb10937\" id=\"forminator-field-name-1_69d82bdb10937-label\" class=\"forminator-label\">Nome <span class=\"forminator-required\">*<\/span><\/label><input type=\"text\" name=\"name-1\" value=\"\" placeholder=\"\" id=\"forminator-field-name-1_69d82bdb10937\" class=\"forminator-input forminator-name--field\" aria-required=\"true\" autocomplete=\"name\" \/><\/div><\/div><\/div><div class=\"forminator-row\"><div id=\"name-2\" class=\"forminator-field-name forminator-col forminator-col-12 \"><div class=\"forminator-field\"><label for=\"forminator-field-name-2_69d82bdb10937\" id=\"forminator-field-name-2_69d82bdb10937-label\" class=\"forminator-label\">Empresa<\/label><input type=\"text\" name=\"name-2\" value=\"\" placeholder=\"\" id=\"forminator-field-name-2_69d82bdb10937\" class=\"forminator-input forminator-name--field\" aria-required=\"false\" autocomplete=\"name\" \/><\/div><\/div><\/div><div class=\"forminator-row\"><div id=\"phone-1\" class=\"forminator-field-phone forminator-col forminator-col-12 \"><div class=\"forminator-field\"><label for=\"forminator-field-phone-1_69d82bdb10937\" id=\"forminator-field-phone-1_69d82bdb10937-label\" class=\"forminator-label\">Contacto <span class=\"forminator-required\">*<\/span><\/label><input type=\"text\" name=\"phone-1\" value=\"\" placeholder=\"\" id=\"forminator-field-phone-1_69d82bdb10937\" class=\"forminator-input forminator-field--phone\" data-required=\"1\" aria-required=\"true\" autocomplete=\"off\" \/><\/div><\/div><\/div><div class=\"forminator-row\"><div id=\"email-1\" class=\"forminator-field-email forminator-col forminator-col-12 \"><div class=\"forminator-field\"><label for=\"forminator-field-email-1_69d82bdb10937\" id=\"forminator-field-email-1_69d82bdb10937-label\" class=\"forminator-label\">Email <span class=\"forminator-required\">*<\/span><\/label><input type=\"email\" name=\"email-1\" value=\"\" placeholder=\"\" id=\"forminator-field-email-1_69d82bdb10937\" class=\"forminator-input forminator-email--field\" data-required=\"1\" aria-required=\"true\" autocomplete=\"email\" \/><\/div><\/div><\/div><div class=\"forminator-row\"><div id=\"checkbox-2\" class=\"forminator-field-checkbox forminator-col forminator-col-12 \"><div role=\"group\" class=\"forminator-field required\" aria-labelledby=\"forminator-checkbox-group-forminator-field-checkbox-2-69d82bdb10937-label\"><span id=\"forminator-checkbox-group-forminator-field-checkbox-2-69d82bdb10937-label\" class=\"forminator-label\">Receber informa\u00e7\u00f5es <span class=\"forminator-required\">*<\/span><\/span><label id=\"forminator-field-checkbox-2-1-69d82bdb10937-label\" for=\"forminator-field-checkbox-2-1-69d82bdb10937\" class=\"forminator-checkbox\" title=\"Pretendo receber mais informa\u00e7\u00f5es sobre a Rede Municipal de Apoio aos Empreendedores\"><input type=\"checkbox\" name=\"checkbox-2[]\" value=\"one\" id=\"forminator-field-checkbox-2-1-69d82bdb10937\" aria-labelledby=\"forminator-field-checkbox-2-1-69d82bdb10937-label\" data-calculation=\"0\"   data-hidden-behavior=\"zero\"\/><span class=\"forminator-checkbox-box\" aria-hidden=\"true\"><\/span><span class=\"forminator-checkbox-label\">Pretendo receber mais informa\u00e7\u00f5es sobre a Rede Municipal de Apoio aos Empreendedores<\/span><\/label><\/div><\/div><\/div><div class=\"forminator-row\"><div id=\"checkbox-1\" class=\"forminator-field-checkbox forminator-col forminator-col-12 \"><div role=\"group\" class=\"forminator-field required\" aria-labelledby=\"forminator-checkbox-group-forminator-field-checkbox-1-69d82bdb10937-label\"><span id=\"forminator-checkbox-group-forminator-field-checkbox-1-69d82bdb10937-label\" class=\"forminator-label\">Consentimento <span class=\"forminator-required\">*<\/span><\/span><label id=\"forminator-field-checkbox-1-1-69d82bdb10937-label\" for=\"forminator-field-checkbox-1-1-69d82bdb10937\" class=\"forminator-checkbox\" title=\"Sim, concordo com a pol\u00edtica de privacidade e termos e condi\u00e7\u00f5es\"><input type=\"checkbox\" name=\"checkbox-1[]\" value=\"one\" id=\"forminator-field-checkbox-1-1-69d82bdb10937\" aria-labelledby=\"forminator-field-checkbox-1-1-69d82bdb10937-label\" data-calculation=\"0\"   data-hidden-behavior=\"zero\"\/><span class=\"forminator-checkbox-box\" aria-hidden=\"true\"><\/span><span class=\"forminator-checkbox-label\">Sim, concordo com a pol\u00edtica de privacidade e termos e condi\u00e7\u00f5es<\/span><\/label><\/div><\/div><\/div><input type=\"hidden\" name=\"referer_url\" value=\"\" \/><div class=\"forminator-row forminator-row-last\"><div class=\"forminator-col\"><div class=\"forminator-field\"><button class=\"forminator-button forminator-button-submit\">Enviar<\/button><\/div><\/div><\/div><input type=\"hidden\" id=\"forminator_nonce\" name=\"forminator_nonce\" value=\"9adf684028\" \/><input type=\"hidden\" name=\"_wp_http_referer\" value=\"\/rmae\/wp-json\/wp\/v2\/pages\/10016\" \/><input type=\"hidden\" name=\"form_id\" value=\"11967\"><input type=\"hidden\" name=\"page_id\" value=\"10016\"><input type=\"hidden\" name=\"form_type\" value=\"default\"><input type=\"hidden\" name=\"current_url\" value=\"https:\/\/moveltex.com\/rmae\/contactos\/\"><input type=\"hidden\" name=\"render_id\" value=\"0\"><input type=\"hidden\" name=\"action\" value=\"forminator_submit_form_custom-forms\"><\/form><\/div>\n\t\t\t\t\t\t<\/div>\n\t\t\t\t<\/div>\n\t\t\t\t\t<\/div>\n\t\t<\/div>\n\t\t\t\t\t<\/div>\n\t\t<\/section>\n\t\t\t\t\t<\/div>\n\t\t<\/div>\n\t\t\t\t\t<\/div>\n\t\t<\/section>\n\t\t\t\t<\/div>\n\t\t","protected":false},"excerpt":{"rendered":"<p>Contacte-nos Quer saber mais? +351 255 079 685 rmae@moveltex.com<\/p>\n","protected":false},"author":1,"featured_media":0,"parent":0,"menu_order":0,"comment_status":"closed","ping_status":"closed","template":"page_template_2.php","meta":{"footnotes":""},"class_list":["post-10016","page","type-page","status-publish","hentry"],"_links":{"self":[{"href":"https:\/\/moveltex.com\/rmae\/wp-json\/wp\/v2\/pages\/10016","targetHints":{"allow":["GET"]}}],"collection":[{"href":"https:\/\/moveltex.com\/rmae\/wp-json\/wp\/v2\/pages"}],"about":[{"href":"https:\/\/moveltex.com\/rmae\/wp-json\/wp\/v2\/types\/page"}],"author":[{"embeddable":true,"href":"https:\/\/moveltex.com\/rmae\/wp-json\/wp\/v2\/users\/1"}],"replies":[{"embeddable":true,"href":"https:\/\/moveltex.com\/rmae\/wp-json\/wp\/v2\/comments?post=10016"}],"version-history":[{"count":24,"href":"https:\/\/moveltex.com\/rmae\/wp-json\/wp\/v2\/pages\/10016\/revisions"}],"predecessor-version":[{"id":12405,"href":"https:\/\/moveltex.com\/rmae\/wp-json\/wp\/v2\/pages\/10016\/revisions\/12405"}],"wp:attachment":[{"href":"https:\/\/moveltex.com\/rmae\/wp-json\/wp\/v2\/media?parent=10016"}],"curies":[{"name":"wp","href":"https:\/\/api.w.org\/{rel}","templated":true}]}}